{"id":681,"date":"2026-01-28T06:15:18","date_gmt":"2026-01-28T06:15:18","guid":{"rendered":"https:\/\/gratytechnology.com\/?page_id=681"},"modified":"2026-02-02T14:50:00","modified_gmt":"2026-02-02T14:50:00","slug":"galeria","status":"publish","type":"page","link":"https:\/\/gratytechnology.com\/en\/galeria\/","title":{"rendered":"Gallery"},"content":{"rendered":"<div data-elementor-type=\"wp-page\" data-elementor-id=\"681\" class=\"elementor elementor-681\">\n\t\t\t\t\t\t<section class=\"elementor-section elementor-top-section elementor-element elementor-element-097096c elementor-section-full_width elementor-section-stretched elementor-section-height-default elementor-section-height-default\" data-id=\"097096c\" data-element_type=\"section\" data-e-type=\"section\" data-settings=\"{&quot;stretch_section&quot;:&quot;section-stretched&quot;,&quot;background_background&quot;:&quot;classic&quot;}\">\n\t\t\t\t\t\t<div class=\"elementor-container elementor-column-gap-wider\">\n\t\t\t\t\t<div class=\"elementor-column elementor-col-100 elementor-top-column elementor-element elementor-element-6fdfeee\" data-id=\"6fdfeee\" data-element_type=\"column\" data-e-type=\"column\">\n\t\t\t<div class=\"elementor-widget-wrap elementor-element-populated\">\n\t\t\t\t\t\t<section class=\"elementor-section elementor-inner-section elementor-element elementor-element-4d60265 elementor-section-full_width elementor-section-height-default elementor-section-height-default\" data-id=\"4d60265\" data-element_type=\"section\" data-e-type=\"section\">\n\t\t\t\t\t\t<div class=\"elementor-container elementor-column-gap-default\">\n\t\t\t\t\t<div class=\"elementor-column elementor-col-100 elementor-inner-column elementor-element elementor-element-2b250e1\" data-id=\"2b250e1\" data-element_type=\"column\" data-e-type=\"column\">\n\t\t\t<div class=\"elementor-widget-wrap elementor-element-populated\">\n\t\t\t\t\t\t<div class=\"elementor-element elementor-element-c3b09b4 ico-home-wl elementor-view-default elementor-position-block-start elementor-mobile-position-block-start elementor-widget elementor-widget-icon-box\" data-id=\"c3b09b4\" data-element_type=\"widget\" data-e-type=\"widget\" data-widget_type=\"icon-box.default\">\n\t\t\t\t\t\t\t<div class=\"elementor-icon-box-wrapper\">\n\n\t\t\t\t\t\t<div class=\"elementor-icon-box-icon\">\n\t\t\t\t<span  class=\"elementor-icon\">\n\t\t\t\t<svg xmlns=\"http:\/\/www.w3.org\/2000\/svg\" id=\"Capa_2\" data-name=\"Capa 2\" viewbox=\"0 0 162.29 146.36\"><defs><style>      .cls-1 {        fill: #fff;      }    <\/style><\/defs><g id=\"Capa_1-2\" data-name=\"Capa 1\"><g><path class=\"cls-1\" d=\"M48.36,145.46c-3.44,0-6.53-.85-9.2-2.56-8.05-5.15-10.58-17.32-7.11-34.26,3.24-15.83,11.31-34.38,22.74-52.23,11.43-17.85,24.89-32.94,37.92-42.5,13.94-10.23,26.04-13.03,34.1-7.87,8.12,5.2,10.62,17.52,7.03,34.69-.4,1.89-2.25,3.1-4.14,2.71-1.89-.4-3.1-2.25-2.71-4.14,2.91-13.92,1.47-23.89-3.95-27.36-5.36-3.43-14.9-.65-26.18,7.62-12.35,9.07-25.2,23.5-36.17,40.64-10.97,17.14-18.71,34.84-21.77,49.85-2.8,13.7-1.33,23.53,4.03,26.97,5.96,3.81,17.12-.1,29.86-10.47,1.5-1.22,3.7-1,4.92.5,1.22,1.5,1,3.7-.5,4.92-10.95,8.92-20.85,13.5-28.86,13.5Z\"><\/path><path class=\"cls-1\" d=\"M134.36,100.25c-1.49,0-2.87-.96-3.34-2.46-.58-1.84.45-3.81,2.29-4.39,13.57-4.25,21.57-10.37,21.96-16.8.75-12.5-28.86-28.26-72.54-30.87-43.69-2.61-74.96,9.5-75.71,22-.42,7.06,8.44,14.9,23.71,20.95,1.8.71,2.68,2.75,1.96,4.54-.71,1.8-2.75,2.68-4.54,1.96C9.38,87.76-.6,77.86.03,67.32c.57-9.54,9.96-17.68,26.43-22.93,15.4-4.9,35.53-6.91,56.68-5.64,21.15,1.27,40.9,5.66,55.61,12.36,15.73,7.17,24.08,16.38,23.51,25.92-.58,9.63-10.11,17.82-26.85,23.06-.35.11-.7.16-1.05.16Z\"><\/path><circle class=\"cls-1\" cx=\"85.87\" cy=\"79.88\" r=\"10.57\"><\/circle><path class=\"cls-1\" d=\"M113.72,144.26c-7.14,0-15.76-4.05-25.1-11.92-12.16-10.25-24.45-25.94-34.62-44.19-10.17-18.25-17.05-36.96-19.37-52.69-2.49-16.86.62-28.64,8.76-33.18,8.85-4.93,21.62-.41,35.95,12.75,1.42,1.31,1.52,3.52.21,4.95s-3.52,1.52-4.95.21c-11.58-10.63-21.97-15.04-27.8-11.79-10.55,5.88-7.67,38.68,13.32,76.34,18.54,33.26,41.28,52.51,53.61,52.51,1.63,0,3.08-.34,4.32-1.03,10.26-5.72,8.01-36.55-11.68-73.33-.91-1.7-.27-3.83,1.43-4.74,1.71-.91,3.83-.27,4.74,1.43,20.62,38.52,24.45,74.09,8.92,82.75-2.31,1.29-4.9,1.92-7.72,1.92Z\"><\/path><circle class=\"cls-1\" cx=\"100.62\" cy=\"10.57\" r=\"10.57\"><\/circle><circle class=\"cls-1\" cx=\"96.43\" cy=\"135.79\" r=\"10.57\"><\/circle><circle class=\"cls-1\" cx=\"14.07\" cy=\"85.03\" r=\"10.57\"><\/circle><\/g><\/g><\/svg>\t\t\t\t<\/span>\n\t\t\t<\/div>\n\t\t\t\n\t\t\t\n\t\t<\/div>\n\t\t\t\t\t\t<\/div>\n\t\t\t\t<div class=\"elementor-element elementor-element-76f3ad3 elementor-widget elementor-widget-heading\" data-id=\"76f3ad3\" data-element_type=\"widget\" data-e-type=\"widget\" data-widget_type=\"heading.default\">\n\t\t\t\t\t<h2 class=\"elementor-heading-title elementor-size-default\">Galer\u00eda<\/h2>\t\t\t\t<\/div>\n\t\t\t\t\t<\/div>\n\t\t<\/div>\n\t\t\t\t\t<\/div>\n\t\t<\/section>\n\t\t\t\t\t<\/div>\n\t\t<\/div>\n\t\t\t\t\t<\/div>\n\t\t<\/section>\n\t\t\t\t<section class=\"elementor-section elementor-top-section elementor-element elementor-element-60bf6eb elementor-section-full_width elementor-section-stretched elementor-section-height-default elementor-section-height-default\" data-id=\"60bf6eb\" data-element_type=\"section\" data-e-type=\"section\" data-settings=\"{&quot;stretch_section&quot;:&quot;section-stretched&quot;,&quot;background_background&quot;:&quot;classic&quot;}\">\n\t\t\t\t\t\t<div class=\"elementor-container elementor-column-gap-no\">\n\t\t\t\t\t<div class=\"elementor-column elementor-col-100 elementor-top-column elementor-element elementor-element-e370466\" data-id=\"e370466\" data-element_type=\"column\" data-e-type=\"column\">\n\t\t\t<div class=\"elementor-widget-wrap elementor-element-populated\">\n\t\t\t\t\t\t<section class=\"elementor-section elementor-inner-section elementor-element elementor-element-a534ba7 elementor-section-full_width elementor-section-height-default elementor-section-height-default\" data-id=\"a534ba7\" data-element_type=\"section\" data-e-type=\"section\" id=\"services-residential\">\n\t\t\t\t\t\t<div class=\"elementor-container elementor-column-gap-wider\">\n\t\t\t\t\t<div class=\"elementor-column elementor-col-50 elementor-inner-column elementor-element elementor-element-fb3c89a\" data-id=\"fb3c89a\" data-element_type=\"column\" data-e-type=\"column\" data-settings=\"{&quot;background_background&quot;:&quot;classic&quot;}\">\n\t\t\t<div class=\"elementor-widget-wrap elementor-element-populated\">\n\t\t\t\t\t\t<div class=\"elementor-element elementor-element-1a93f01 elementor-widget elementor-widget-heading\" data-id=\"1a93f01\" data-element_type=\"widget\" data-e-type=\"widget\" data-widget_type=\"heading.default\">\n\t\t\t\t\t<h3 class=\"elementor-heading-title elementor-size-default\">Luxury Smart Home Project<\/h3>\t\t\t\t<\/div>\n\t\t\t\t<div class=\"elementor-element elementor-element-2bf3367 elementor-widget__width-initial elementor-widget elementor-widget-text-editor\" data-id=\"2bf3367\" data-element_type=\"widget\" data-e-type=\"widget\" data-widget_type=\"text-editor.default\">\n\t\t\t\t\t\t\t\t\t<h5>Custom-designed smart home solution featuring seamless automation, intuitive control systems, and premium technology integration tailored to modern living.<\/h5>\t\t\t\t\t\t\t\t<\/div>\n\t\t\t\t<div class=\"elementor-element elementor-element-164f86a elementor-align-center animated-slow elementor-invisible elementor-widget elementor-widget-button\" data-id=\"164f86a\" data-element_type=\"widget\" data-e-type=\"widget\" data-settings=\"{&quot;_animation&quot;:&quot;fadeIn&quot;,&quot;_animation_delay&quot;:5}\" data-widget_type=\"button.default\">\n\t\t\t\t\t\t\t\t\t\t<a class=\"elementor-button elementor-button-link elementor-size-lg\" href=\"https:\/\/gratytechnology.com\/en\/#contact\">\n\t\t\t\t\t\t<span class=\"elementor-button-content-wrapper\">\n\t\t\t\t\t\t\t\t\t<span class=\"elementor-button-text\">Contact Us<\/span>\n\t\t\t\t\t<\/span>\n\t\t\t\t\t<\/a>\n\t\t\t\t\t\t\t\t<\/div>\n\t\t\t\t\t<\/div>\n\t\t<\/div>\n\t\t\t\t<div class=\"elementor-column elementor-col-50 elementor-inner-column elementor-element elementor-element-2f67c4e\" data-id=\"2f67c4e\" data-element_type=\"column\" data-e-type=\"column\" data-settings=\"{&quot;background_background&quot;:&quot;classic&quot;}\">\n\t\t\t<div class=\"elementor-widget-wrap elementor-element-populated\">\n\t\t\t\t\t\t<div class=\"elementor-element elementor-element-534f6fa elementor-widget elementor-widget-mfn_gallery\" data-id=\"534f6fa\" data-element_type=\"widget\" data-e-type=\"widget\" data-widget_type=\"mfn_gallery.default\">\n\t\t\t\t<div class=\"elementor-widget-container\">\n\t\t\t\t\t\n\t\t\t<style type='text\/css'>\n\t\t\t\t#sc_gallery-1 {\n\t\t\t\t\tmargin: auto;\n\t\t\t\t}\n\t\t\t\t#sc_gallery-1 .gallery-item {\n\t\t\t\t\tfloat: left;\n\t\t\t\t\ttext-align: center;\n\t\t\t\t\twidth: 49.99%;\n\t\t\t\t}\n\t\t\t\t#sc_gallery-1 img {\n\t\t\t\t\tborder: 2px solid #cfcfcf;\n\t\t\t\t}\n\t\t\t\t\/* see sc_gallery() in functions\/theme-shortcodes.php *\/\n\t\t\t<\/style>\n\t\t<div id='sc_gallery-1' class='gallery galleryid-681 gallery-columns-2 gallery-size-full file element_classes masonry'><dl class='gallery-item'  data-title='img-4' data-description=''><div class='gallery-item-wrapper'>\n\t\t\t\t<dt class='gallery-icon landscape'>\n\t\t\t\t\t<a href='https:\/\/gratytechnology.com\/wp-content\/uploads\/2026\/02\/img-4.png'><img fetchpriority=\"high\" decoding=\"async\" width=\"1024\" height=\"1024\" src=\"https:\/\/gratytechnology.com\/wp-content\/uploads\/2026\/02\/img-4.png\" class=\"attachment-full size-full\" alt=\"\" srcset=\"https:\/\/gratytechnology.com\/wp-content\/uploads\/2026\/02\/img-4.png 1024w, https:\/\/gratytechnology.com\/wp-content\/uploads\/2026\/02\/img-4-500x500.png 500w, https:\/\/gratytechnology.com\/wp-content\/uploads\/2026\/02\/img-4-300x300.png 300w, https:\/\/gratytechnology.com\/wp-content\/uploads\/2026\/02\/img-4-768x768.png 768w, https:\/\/gratytechnology.com\/wp-content\/uploads\/2026\/02\/img-4-12x12.png 12w, https:\/\/gratytechnology.com\/wp-content\/uploads\/2026\/02\/img-4-150x150.png 150w, https:\/\/gratytechnology.com\/wp-content\/uploads\/2026\/02\/img-4-75x75.png 75w, https:\/\/gratytechnology.com\/wp-content\/uploads\/2026\/02\/img-4-480x480.png 480w\" sizes=\"(max-width:767px) 480px, (max-width:1024px) 100vw, 1024px\" \/><\/a>\n\t\t\t\t<\/dt><\/div><\/dl><dl class='gallery-item'  data-title='img-3' data-description=''><div class='gallery-item-wrapper'>\n\t\t\t\t<dt class='gallery-icon landscape'>\n\t\t\t\t\t<a href='https:\/\/gratytechnology.com\/wp-content\/uploads\/2026\/02\/img-3.png'><img decoding=\"async\" width=\"1024\" height=\"1024\" src=\"https:\/\/gratytechnology.com\/wp-content\/uploads\/2026\/02\/img-3.png\" class=\"attachment-full size-full\" alt=\"\" srcset=\"https:\/\/gratytechnology.com\/wp-content\/uploads\/2026\/02\/img-3.png 1024w, https:\/\/gratytechnology.com\/wp-content\/uploads\/2026\/02\/img-3-500x500.png 500w, https:\/\/gratytechnology.com\/wp-content\/uploads\/2026\/02\/img-3-300x300.png 300w, https:\/\/gratytechnology.com\/wp-content\/uploads\/2026\/02\/img-3-768x768.png 768w, https:\/\/gratytechnology.com\/wp-content\/uploads\/2026\/02\/img-3-12x12.png 12w, https:\/\/gratytechnology.com\/wp-content\/uploads\/2026\/02\/img-3-150x150.png 150w, https:\/\/gratytechnology.com\/wp-content\/uploads\/2026\/02\/img-3-75x75.png 75w, https:\/\/gratytechnology.com\/wp-content\/uploads\/2026\/02\/img-3-480x480.png 480w\" sizes=\"(max-width:767px) 480px, (max-width:1024px) 100vw, 1024px\" \/><\/a>\n\t\t\t\t<\/dt><\/div><\/dl><br style=\"clear: both\" \/><dl class='gallery-item'  data-title='img-1' data-description=''><div class='gallery-item-wrapper'>\n\t\t\t\t<dt class='gallery-icon landscape'>\n\t\t\t\t\t<a href='https:\/\/gratytechnology.com\/wp-content\/uploads\/2026\/02\/img-1.jpg'><img decoding=\"async\" width=\"1536\" height=\"1024\" src=\"https:\/\/gratytechnology.com\/wp-content\/uploads\/2026\/02\/img-1.jpg\" class=\"attachment-full size-full\" alt=\"\" srcset=\"https:\/\/gratytechnology.com\/wp-content\/uploads\/2026\/02\/img-1.jpg 1536w, https:\/\/gratytechnology.com\/wp-content\/uploads\/2026\/02\/img-1-500x333.jpg 500w, https:\/\/gratytechnology.com\/wp-content\/uploads\/2026\/02\/img-1-1200x800.jpg 1200w, https:\/\/gratytechnology.com\/wp-content\/uploads\/2026\/02\/img-1-300x200.jpg 300w, https:\/\/gratytechnology.com\/wp-content\/uploads\/2026\/02\/img-1-768x512.jpg 768w, https:\/\/gratytechnology.com\/wp-content\/uploads\/2026\/02\/img-1-18x12.jpg 18w, https:\/\/gratytechnology.com\/wp-content\/uploads\/2026\/02\/img-1-113x75.jpg 113w, https:\/\/gratytechnology.com\/wp-content\/uploads\/2026\/02\/img-1-480x320.jpg 480w\" sizes=\"(max-width:767px) 480px, (max-width:1536px) 100vw, 1536px\" \/><\/a>\n\t\t\t\t<\/dt><\/div><\/dl><dl class='gallery-item'  data-title='img-2' data-description=''><div class='gallery-item-wrapper'>\n\t\t\t\t<dt class='gallery-icon landscape'>\n\t\t\t\t\t<a href='https:\/\/gratytechnology.com\/wp-content\/uploads\/2026\/02\/img-2.jpg'><img loading=\"lazy\" decoding=\"async\" width=\"1536\" height=\"1024\" src=\"https:\/\/gratytechnology.com\/wp-content\/uploads\/2026\/02\/img-2.jpg\" class=\"attachment-full size-full\" alt=\"\" srcset=\"https:\/\/gratytechnology.com\/wp-content\/uploads\/2026\/02\/img-2.jpg 1536w, https:\/\/gratytechnology.com\/wp-content\/uploads\/2026\/02\/img-2-500x333.jpg 500w, https:\/\/gratytechnology.com\/wp-content\/uploads\/2026\/02\/img-2-1200x800.jpg 1200w, https:\/\/gratytechnology.com\/wp-content\/uploads\/2026\/02\/img-2-300x200.jpg 300w, https:\/\/gratytechnology.com\/wp-content\/uploads\/2026\/02\/img-2-768x512.jpg 768w, https:\/\/gratytechnology.com\/wp-content\/uploads\/2026\/02\/img-2-18x12.jpg 18w, https:\/\/gratytechnology.com\/wp-content\/uploads\/2026\/02\/img-2-113x75.jpg 113w, https:\/\/gratytechnology.com\/wp-content\/uploads\/2026\/02\/img-2-480x320.jpg 480w\" sizes=\"(max-width:767px) 480px, (max-width:1536px) 100vw, 1536px\" \/><\/a>\n\t\t\t\t<\/dt><\/div><\/dl><br style=\"clear: both\" \/><dl class='gallery-item'  data-title='img-5' data-description=''><div class='gallery-item-wrapper'>\n\t\t\t\t<dt class='gallery-icon landscape'>\n\t\t\t\t\t<a href='https:\/\/gratytechnology.com\/wp-content\/uploads\/2026\/02\/img-5.png'><img loading=\"lazy\" decoding=\"async\" width=\"1024\" height=\"1024\" src=\"https:\/\/gratytechnology.com\/wp-content\/uploads\/2026\/02\/img-5.png\" class=\"attachment-full size-full\" alt=\"\" srcset=\"https:\/\/gratytechnology.com\/wp-content\/uploads\/2026\/02\/img-5.png 1024w, https:\/\/gratytechnology.com\/wp-content\/uploads\/2026\/02\/img-5-500x500.png 500w, https:\/\/gratytechnology.com\/wp-content\/uploads\/2026\/02\/img-5-300x300.png 300w, https:\/\/gratytechnology.com\/wp-content\/uploads\/2026\/02\/img-5-768x768.png 768w, https:\/\/gratytechnology.com\/wp-content\/uploads\/2026\/02\/img-5-12x12.png 12w, https:\/\/gratytechnology.com\/wp-content\/uploads\/2026\/02\/img-5-150x150.png 150w, https:\/\/gratytechnology.com\/wp-content\/uploads\/2026\/02\/img-5-75x75.png 75w, https:\/\/gratytechnology.com\/wp-content\/uploads\/2026\/02\/img-5-480x480.png 480w\" sizes=\"(max-width:767px) 480px, (max-width:1024px) 100vw, 1024px\" \/><\/a>\n\t\t\t\t<\/dt><\/div><\/dl><dl class='gallery-item'  data-title='img-6' data-description=''><div class='gallery-item-wrapper'>\n\t\t\t\t<dt class='gallery-icon landscape'>\n\t\t\t\t\t<a href='https:\/\/gratytechnology.com\/wp-content\/uploads\/2026\/02\/img-6.jpg'><img loading=\"lazy\" decoding=\"async\" width=\"1024\" height=\"1024\" src=\"https:\/\/gratytechnology.com\/wp-content\/uploads\/2026\/02\/img-6.jpg\" class=\"attachment-full size-full\" alt=\"\" srcset=\"https:\/\/gratytechnology.com\/wp-content\/uploads\/2026\/02\/img-6.jpg 1024w, https:\/\/gratytechnology.com\/wp-content\/uploads\/2026\/02\/img-6-500x500.jpg 500w, https:\/\/gratytechnology.com\/wp-content\/uploads\/2026\/02\/img-6-300x300.jpg 300w, https:\/\/gratytechnology.com\/wp-content\/uploads\/2026\/02\/img-6-768x768.jpg 768w, https:\/\/gratytechnology.com\/wp-content\/uploads\/2026\/02\/img-6-12x12.jpg 12w, https:\/\/gratytechnology.com\/wp-content\/uploads\/2026\/02\/img-6-150x150.jpg 150w, https:\/\/gratytechnology.com\/wp-content\/uploads\/2026\/02\/img-6-75x75.jpg 75w, https:\/\/gratytechnology.com\/wp-content\/uploads\/2026\/02\/img-6-480x480.jpg 480w\" sizes=\"(max-width:767px) 480px, (max-width:1024px) 100vw, 1024px\" \/><\/a>\n\t\t\t\t<\/dt><\/div><\/dl><br style=\"clear: both\" \/>\n\t\t\t<\/div>\n\t\t\t\t<\/div>\n\t\t\t\t<\/div>\n\t\t\t\t\t<\/div>\n\t\t<\/div>\n\t\t\t\t\t<\/div>\n\t\t<\/section>\n\t\t\t\t\t<\/div>\n\t\t<\/div>\n\t\t\t\t\t<\/div>\n\t\t<\/section>\n\t\t\t\t<\/div>","protected":false},"excerpt":{"rendered":"<p>Explora una selecci\u00f3n de proyectos donde la tecnolog\u00eda, el dise\u00f1o y la integraci\u00f3n se unen para crear espacios inteligentes, funcionales y confiables.<\/p>","protected":false},"author":1,"featured_media":851,"parent":0,"menu_order":0,"comment_status":"open","ping_status":"closed","template":"","meta":{"footnotes":""},"class_list":["post-681","page","type-page","status-publish","has-post-thumbnail","hentry"],"_hostinger_reach_plugin_has_subscription_block":false,"_hostinger_reach_plugin_is_elementor":false,"_links":{"self":[{"href":"https:\/\/gratytechnology.com\/en\/wp-json\/wp\/v2\/pages\/681","targetHints":{"allow":["GET"]}}],"collection":[{"href":"https:\/\/gratytechnology.com\/en\/wp-json\/wp\/v2\/pages"}],"about":[{"href":"https:\/\/gratytechnology.com\/en\/wp-json\/wp\/v2\/types\/page"}],"author":[{"embeddable":true,"href":"https:\/\/gratytechnology.com\/en\/wp-json\/wp\/v2\/users\/1"}],"replies":[{"embeddable":true,"href":"https:\/\/gratytechnology.com\/en\/wp-json\/wp\/v2\/comments?post=681"}],"version-history":[{"count":26,"href":"https:\/\/gratytechnology.com\/en\/wp-json\/wp\/v2\/pages\/681\/revisions"}],"predecessor-version":[{"id":853,"href":"https:\/\/gratytechnology.com\/en\/wp-json\/wp\/v2\/pages\/681\/revisions\/853"}],"wp:featuredmedia":[{"embeddable":true,"href":"https:\/\/gratytechnology.com\/en\/wp-json\/wp\/v2\/media\/851"}],"wp:attachment":[{"href":"https:\/\/gratytechnology.com\/en\/wp-json\/wp\/v2\/media?parent=681"}],"curies":[{"name":"wp","href":"https:\/\/api.w.org\/{rel}","templated":true}]}}