{"id":438,"date":"2026-01-26T06:00:05","date_gmt":"2026-01-26T06:00:05","guid":{"rendered":"https:\/\/gratytechnology.com\/?page_id=438"},"modified":"2026-02-02T14:52:45","modified_gmt":"2026-02-02T14:52:45","slug":"nosotros","status":"publish","type":"page","link":"https:\/\/gratytechnology.com\/en\/nosotros\/","title":{"rendered":"About Us"},"content":{"rendered":"<div data-elementor-type=\"wp-page\" data-elementor-id=\"438\" class=\"elementor elementor-438\">\n\t\t\t\t\t\t<section class=\"elementor-section elementor-top-section elementor-element elementor-element-097096c elementor-section-full_width elementor-section-stretched elementor-section-height-default elementor-section-height-default\" data-id=\"097096c\" data-element_type=\"section\" data-e-type=\"section\" data-settings=\"{&quot;stretch_section&quot;:&quot;section-stretched&quot;,&quot;background_background&quot;:&quot;classic&quot;}\">\n\t\t\t\t\t\t<div class=\"elementor-container elementor-column-gap-wider\">\n\t\t\t\t\t<div class=\"elementor-column elementor-col-100 elementor-top-column elementor-element elementor-element-6fdfeee\" data-id=\"6fdfeee\" data-element_type=\"column\" data-e-type=\"column\">\n\t\t\t<div class=\"elementor-widget-wrap elementor-element-populated\">\n\t\t\t\t\t\t<section class=\"elementor-section elementor-inner-section elementor-element elementor-element-4d60265 elementor-section-full_width elementor-section-height-default elementor-section-height-default\" data-id=\"4d60265\" data-element_type=\"section\" data-e-type=\"section\">\n\t\t\t\t\t\t<div class=\"elementor-container elementor-column-gap-default\">\n\t\t\t\t\t<div class=\"elementor-column elementor-col-100 elementor-inner-column elementor-element elementor-element-2b250e1\" data-id=\"2b250e1\" data-element_type=\"column\" data-e-type=\"column\">\n\t\t\t<div class=\"elementor-widget-wrap elementor-element-populated\">\n\t\t\t\t\t\t<div class=\"elementor-element elementor-element-c3b09b4 ico-home-wl elementor-view-default elementor-position-block-start elementor-mobile-position-block-start elementor-widget elementor-widget-icon-box\" data-id=\"c3b09b4\" data-element_type=\"widget\" data-e-type=\"widget\" data-widget_type=\"icon-box.default\">\n\t\t\t\t\t\t\t<div class=\"elementor-icon-box-wrapper\">\n\n\t\t\t\t\t\t<div class=\"elementor-icon-box-icon\">\n\t\t\t\t<span  class=\"elementor-icon\">\n\t\t\t\t<svg xmlns=\"http:\/\/www.w3.org\/2000\/svg\" id=\"Capa_2\" data-name=\"Capa 2\" viewbox=\"0 0 162.29 146.36\"><defs><style>      .cls-1 {        fill: #fff;      }    <\/style><\/defs><g id=\"Capa_1-2\" data-name=\"Capa 1\"><g><path class=\"cls-1\" d=\"M48.36,145.46c-3.44,0-6.53-.85-9.2-2.56-8.05-5.15-10.58-17.32-7.11-34.26,3.24-15.83,11.31-34.38,22.74-52.23,11.43-17.85,24.89-32.94,37.92-42.5,13.94-10.23,26.04-13.03,34.1-7.87,8.12,5.2,10.62,17.52,7.03,34.69-.4,1.89-2.25,3.1-4.14,2.71-1.89-.4-3.1-2.25-2.71-4.14,2.91-13.92,1.47-23.89-3.95-27.36-5.36-3.43-14.9-.65-26.18,7.62-12.35,9.07-25.2,23.5-36.17,40.64-10.97,17.14-18.71,34.84-21.77,49.85-2.8,13.7-1.33,23.53,4.03,26.97,5.96,3.81,17.12-.1,29.86-10.47,1.5-1.22,3.7-1,4.92.5,1.22,1.5,1,3.7-.5,4.92-10.95,8.92-20.85,13.5-28.86,13.5Z\"><\/path><path class=\"cls-1\" d=\"M134.36,100.25c-1.49,0-2.87-.96-3.34-2.46-.58-1.84.45-3.81,2.29-4.39,13.57-4.25,21.57-10.37,21.96-16.8.75-12.5-28.86-28.26-72.54-30.87-43.69-2.61-74.96,9.5-75.71,22-.42,7.06,8.44,14.9,23.71,20.95,1.8.71,2.68,2.75,1.96,4.54-.71,1.8-2.75,2.68-4.54,1.96C9.38,87.76-.6,77.86.03,67.32c.57-9.54,9.96-17.68,26.43-22.93,15.4-4.9,35.53-6.91,56.68-5.64,21.15,1.27,40.9,5.66,55.61,12.36,15.73,7.17,24.08,16.38,23.51,25.92-.58,9.63-10.11,17.82-26.85,23.06-.35.11-.7.16-1.05.16Z\"><\/path><circle class=\"cls-1\" cx=\"85.87\" cy=\"79.88\" r=\"10.57\"><\/circle><path class=\"cls-1\" d=\"M113.72,144.26c-7.14,0-15.76-4.05-25.1-11.92-12.16-10.25-24.45-25.94-34.62-44.19-10.17-18.25-17.05-36.96-19.37-52.69-2.49-16.86.62-28.64,8.76-33.18,8.85-4.93,21.62-.41,35.95,12.75,1.42,1.31,1.52,3.52.21,4.95s-3.52,1.52-4.95.21c-11.58-10.63-21.97-15.04-27.8-11.79-10.55,5.88-7.67,38.68,13.32,76.34,18.54,33.26,41.28,52.51,53.61,52.51,1.63,0,3.08-.34,4.32-1.03,10.26-5.72,8.01-36.55-11.68-73.33-.91-1.7-.27-3.83,1.43-4.74,1.71-.91,3.83-.27,4.74,1.43,20.62,38.52,24.45,74.09,8.92,82.75-2.31,1.29-4.9,1.92-7.72,1.92Z\"><\/path><circle class=\"cls-1\" cx=\"100.62\" cy=\"10.57\" r=\"10.57\"><\/circle><circle class=\"cls-1\" cx=\"96.43\" cy=\"135.79\" r=\"10.57\"><\/circle><circle class=\"cls-1\" cx=\"14.07\" cy=\"85.03\" r=\"10.57\"><\/circle><\/g><\/g><\/svg>\t\t\t\t<\/span>\n\t\t\t<\/div>\n\t\t\t\n\t\t\t\n\t\t<\/div>\n\t\t\t\t\t\t<\/div>\n\t\t\t\t<div class=\"elementor-element elementor-element-76f3ad3 elementor-widget elementor-widget-heading\" data-id=\"76f3ad3\" data-element_type=\"widget\" data-e-type=\"widget\" data-widget_type=\"heading.default\">\n\t\t\t\t\t<h2 class=\"elementor-heading-title elementor-size-default\">About us<\/h2>\t\t\t\t<\/div>\n\t\t\t\t\t<\/div>\n\t\t<\/div>\n\t\t\t\t\t<\/div>\n\t\t<\/section>\n\t\t\t\t\t<\/div>\n\t\t<\/div>\n\t\t\t\t\t<\/div>\n\t\t<\/section>\n\t\t\t\t<section class=\"elementor-section elementor-top-section elementor-element elementor-element-60bf6eb elementor-section-full_width elementor-section-stretched elementor-section-height-default elementor-section-height-default\" data-id=\"60bf6eb\" data-element_type=\"section\" data-e-type=\"section\" data-settings=\"{&quot;stretch_section&quot;:&quot;section-stretched&quot;,&quot;background_background&quot;:&quot;classic&quot;}\">\n\t\t\t\t\t\t<div class=\"elementor-container elementor-column-gap-no\">\n\t\t\t\t\t<div class=\"elementor-column elementor-col-100 elementor-top-column elementor-element elementor-element-e370466\" data-id=\"e370466\" data-element_type=\"column\" data-e-type=\"column\">\n\t\t\t<div class=\"elementor-widget-wrap elementor-element-populated\">\n\t\t\t\t\t\t<section class=\"elementor-section elementor-inner-section elementor-element elementor-element-a534ba7 elementor-section-full_width elementor-section-height-default elementor-section-height-default\" data-id=\"a534ba7\" data-element_type=\"section\" data-e-type=\"section\" id=\"services\">\n\t\t\t\t\t\t<div class=\"elementor-container elementor-column-gap-wider\">\n\t\t\t\t\t<div class=\"elementor-column elementor-col-50 elementor-inner-column elementor-element elementor-element-fb3c89a\" data-id=\"fb3c89a\" data-element_type=\"column\" data-e-type=\"column\" data-settings=\"{&quot;background_background&quot;:&quot;classic&quot;}\">\n\t\t\t<div class=\"elementor-widget-wrap elementor-element-populated\">\n\t\t\t\t\t\t<div class=\"elementor-element elementor-element-2bf3367 elementor-widget__width-initial elementor-widget elementor-widget-text-editor\" data-id=\"2bf3367\" data-element_type=\"widget\" data-e-type=\"widget\" data-widget_type=\"text-editor.default\">\n\t\t\t\t\t\t\t\t\t<h3>About Us<\/h3><p class=\"translation-block\">Graty Technology is a Mexican firm specializing in high-end technology integration, with a strong focus on residential automation, security systems, audio and video, advanced networking, and infrastructure solutions.<\/p><p class=\"translation-block\">We were founded to address the need for thoughtfully engineered technology\u2014solutions that are not only visually impressive, but precisely designed, expertly implemented, and built for everyday use. Every project begins with a rigorous technical, functional, and operational assessment, ensuring that all systems operate seamlessly as a unified ecosystem.<\/p><p class=\"translation-block\">We are not an equipment retailer nor a conventional installer. We are technology integrators, fully accountable for the conceptual design, execution, documentation, and long-term performance of every solution we deliver.<\/p>\t\t\t\t\t\t\t\t<\/div>\n\t\t\t\t\t<\/div>\n\t\t<\/div>\n\t\t\t\t<div class=\"elementor-column elementor-col-50 elementor-inner-column elementor-element elementor-element-2f67c4e\" data-id=\"2f67c4e\" data-element_type=\"column\" data-e-type=\"column\" data-settings=\"{&quot;background_background&quot;:&quot;classic&quot;}\">\n\t\t\t<div class=\"elementor-widget-wrap elementor-element-populated\">\n\t\t\t\t\t\t<div class=\"elementor-element elementor-element-85c15ee elementor-widget elementor-widget-spacer\" data-id=\"85c15ee\" data-element_type=\"widget\" data-e-type=\"widget\" data-widget_type=\"spacer.default\">\n\t\t\t\t\t\t\t<div class=\"elementor-spacer\">\n\t\t\t<div class=\"elementor-spacer-inner\"><\/div>\n\t\t<\/div>\n\t\t\t\t\t\t<\/div>\n\t\t\t\t\t<\/div>\n\t\t<\/div>\n\t\t\t\t\t<\/div>\n\t\t<\/section>\n\t\t\t\t\t<\/div>\n\t\t<\/div>\n\t\t\t\t\t<\/div>\n\t\t<\/section>\n\t\t\t\t<section class=\"elementor-section elementor-top-section elementor-element elementor-element-e95512f elementor-section-stretched elementor-section-full_width elementor-section-height-default elementor-section-height-default\" data-id=\"e95512f\" data-element_type=\"section\" data-e-type=\"section\" data-settings=\"{&quot;stretch_section&quot;:&quot;section-stretched&quot;,&quot;background_background&quot;:&quot;classic&quot;}\">\n\t\t\t\t\t\t<div class=\"elementor-container elementor-column-gap-wider\">\n\t\t\t\t\t<div class=\"elementor-column elementor-col-100 elementor-top-column elementor-element elementor-element-7b89d82\" data-id=\"7b89d82\" data-element_type=\"column\" data-e-type=\"column\">\n\t\t\t<div class=\"elementor-widget-wrap elementor-element-populated\">\n\t\t\t\t\t\t<div class=\"elementor-element elementor-element-acf4535 elementor-widget elementor-widget-heading\" data-id=\"acf4535\" data-element_type=\"widget\" data-e-type=\"widget\" data-widget_type=\"heading.default\">\n\t\t\t\t\t<h2 class=\"elementor-heading-title elementor-size-default\">Experience &amp; Expertise<\/h2>\t\t\t\t<\/div>\n\t\t\t\t<section class=\"elementor-section elementor-inner-section elementor-element elementor-element-3e7a0e7 elementor-section-full_width elementor-section-height-default elementor-section-height-default\" data-id=\"3e7a0e7\" data-element_type=\"section\" data-e-type=\"section\">\n\t\t\t\t\t\t<div class=\"elementor-container elementor-column-gap-default\">\n\t\t\t\t\t<div class=\"elementor-column elementor-col-100 elementor-inner-column elementor-element elementor-element-1a69b0b\" data-id=\"1a69b0b\" data-element_type=\"column\" data-e-type=\"column\">\n\t\t\t<div class=\"elementor-widget-wrap elementor-element-populated\">\n\t\t\t\t\t\t<div class=\"elementor-element elementor-element-719c362 elementor-widget__width-initial elementor-widget elementor-widget-text-editor\" data-id=\"719c362\" data-element_type=\"widget\" data-e-type=\"widget\" data-widget_type=\"text-editor.default\">\n\t\t\t\t\t\t\t\t\t<p class=\"translation-block\">We bring extensive experience in residential and specialized projects, collaborating with globally recognized brands such as Crestron, Control4, Savant, Lutron, Dahua, Sonos, Fortinet, among others.<\/p><p>This expertise enables us to create scalable, secure, and future-ready solutions aligned with the highest industry standards\u2014carefully balancing engineering precision, architectural aesthetics, and an exceptional user experience.<\/p>\t\t\t\t\t\t\t\t<\/div>\n\t\t\t\t\t<\/div>\n\t\t<\/div>\n\t\t\t\t\t<\/div>\n\t\t<\/section>\n\t\t\t\t\t<\/div>\n\t\t<\/div>\n\t\t\t\t\t<\/div>\n\t\t<\/section>\n\t\t\t\t<section class=\"elementor-section elementor-top-section elementor-element elementor-element-12f731b elementor-section-stretched elementor-section-full_width elementor-section-height-default elementor-section-height-default\" data-id=\"12f731b\" data-element_type=\"section\" data-e-type=\"section\" data-settings=\"{&quot;stretch_section&quot;:&quot;section-stretched&quot;,&quot;background_background&quot;:&quot;classic&quot;}\">\n\t\t\t\t\t\t<div class=\"elementor-container elementor-column-gap-wider\">\n\t\t\t\t\t<div class=\"elementor-column elementor-col-33 elementor-top-column elementor-element elementor-element-70dda69\" data-id=\"70dda69\" data-element_type=\"column\" data-e-type=\"column\">\n\t\t\t<div class=\"elementor-widget-wrap elementor-element-populated\">\n\t\t\t\t\t\t<section class=\"elementor-section elementor-inner-section elementor-element elementor-element-ffe0f38 elementor-section-full_width elementor-section-height-default elementor-section-height-default\" data-id=\"ffe0f38\" data-element_type=\"section\" data-e-type=\"section\">\n\t\t\t\t\t\t<div class=\"elementor-container elementor-column-gap-default\">\n\t\t\t\t\t<div class=\"elementor-column elementor-col-100 elementor-inner-column elementor-element elementor-element-53281c0\" data-id=\"53281c0\" data-element_type=\"column\" data-e-type=\"column\">\n\t\t\t<div class=\"elementor-widget-wrap elementor-element-populated\">\n\t\t\t\t\t\t<div class=\"elementor-element elementor-element-16fa118 elementor-widget__width-initial elementor-widget elementor-widget-text-editor\" data-id=\"16fa118\" data-element_type=\"widget\" data-e-type=\"widget\" data-widget_type=\"text-editor.default\">\n\t\t\t\t\t\t\t\t\t<h3>Our Mission<\/h3><p class=\"translation-block\">To become a leading reference in Mexico for luxury residential technology integration and specialized projects, distinguished by engineering excellence, disciplined execution, and long-term client trust.<\/p>\t\t\t\t\t\t\t\t<\/div>\n\t\t\t\t\t<\/div>\n\t\t<\/div>\n\t\t\t\t\t<\/div>\n\t\t<\/section>\n\t\t\t\t\t<\/div>\n\t\t<\/div>\n\t\t\t\t<div class=\"elementor-column elementor-col-33 elementor-top-column elementor-element elementor-element-8dae6c5\" data-id=\"8dae6c5\" data-element_type=\"column\" data-e-type=\"column\">\n\t\t\t<div class=\"elementor-widget-wrap elementor-element-populated\">\n\t\t\t\t\t\t<section class=\"elementor-section elementor-inner-section elementor-element elementor-element-de96359 elementor-section-full_width elementor-section-height-default elementor-section-height-default\" data-id=\"de96359\" data-element_type=\"section\" data-e-type=\"section\">\n\t\t\t\t\t\t<div class=\"elementor-container elementor-column-gap-default\">\n\t\t\t\t\t<div class=\"elementor-column elementor-col-100 elementor-inner-column elementor-element elementor-element-1c728a0\" data-id=\"1c728a0\" data-element_type=\"column\" data-e-type=\"column\">\n\t\t\t<div class=\"elementor-widget-wrap elementor-element-populated\">\n\t\t\t\t\t\t<div class=\"elementor-element elementor-element-7508480 elementor-widget__width-initial elementor-widget elementor-widget-text-editor\" data-id=\"7508480\" data-element_type=\"widget\" data-e-type=\"widget\" data-widget_type=\"text-editor.default\">\n\t\t\t\t\t\t\t\t\t<h3>Our Vision<\/h3><p>Consolidarnos como una empresa referente en M\u00e9xico en <strong>integraci\u00f3n tecnol\u00f3gica residencial y proyectos especiales<\/strong>, reconocida por la calidad de su ingenier\u00eda, la seriedad de su ejecuci\u00f3n y la confianza a largo plazo con nuestros clientes.<\/p>\t\t\t\t\t\t\t\t<\/div>\n\t\t\t\t\t<\/div>\n\t\t<\/div>\n\t\t\t\t\t<\/div>\n\t\t<\/section>\n\t\t\t\t\t<\/div>\n\t\t<\/div>\n\t\t\t\t<div class=\"elementor-column elementor-col-33 elementor-top-column elementor-element elementor-element-d09ef73\" data-id=\"d09ef73\" data-element_type=\"column\" data-e-type=\"column\">\n\t\t\t<div class=\"elementor-widget-wrap elementor-element-populated\">\n\t\t\t\t\t\t<section class=\"elementor-section elementor-inner-section elementor-element elementor-element-5589d8f elementor-section-full_width elementor-section-height-default elementor-section-height-default\" data-id=\"5589d8f\" data-element_type=\"section\" data-e-type=\"section\">\n\t\t\t\t\t\t<div class=\"elementor-container elementor-column-gap-default\">\n\t\t\t\t\t<div class=\"elementor-column elementor-col-100 elementor-inner-column elementor-element elementor-element-7a89d80\" data-id=\"7a89d80\" data-element_type=\"column\" data-e-type=\"column\">\n\t\t\t<div class=\"elementor-widget-wrap elementor-element-populated\">\n\t\t\t\t\t\t<div class=\"elementor-element elementor-element-2d2f3bd elementor-widget__width-initial elementor-widget elementor-widget-text-editor\" data-id=\"2d2f3bd\" data-element_type=\"widget\" data-e-type=\"widget\" data-widget_type=\"text-editor.default\">\n\t\t\t\t\t\t\t\t\t<h3>Core Values<\/h3>\nProfessional integrity and technical excellence<br>\nAttention to detail and uncompromising quality<br>\nTransparency and trust with our clients<br>\nPurpose-driven innovation<br>\nLong-term commitment and post-installation support\t\t\t\t\t\t\t\t<\/div>\n\t\t\t\t\t<\/div>\n\t\t<\/div>\n\t\t\t\t\t<\/div>\n\t\t<\/section>\n\t\t\t\t\t<\/div>\n\t\t<\/div>\n\t\t\t\t\t<\/div>\n\t\t<\/section>\n\t\t\t\t<\/div>","protected":false},"excerpt":{"rendered":"<p>Ponte en contacto con nuestro equipo para recibir asesor\u00eda profesional y dise\u00f1ar una soluci\u00f3n tecnol\u00f3gica a la medida de tu proyecto.<\/p>","protected":false},"author":1,"featured_media":857,"parent":0,"menu_order":0,"comment_status":"open","ping_status":"closed","template":"","meta":{"footnotes":""},"class_list":["post-438","page","type-page","status-publish","has-post-thumbnail","hentry"],"_hostinger_reach_plugin_has_subscription_block":false,"_hostinger_reach_plugin_is_elementor":false,"_links":{"self":[{"href":"https:\/\/gratytechnology.com\/en\/wp-json\/wp\/v2\/pages\/438","targetHints":{"allow":["GET"]}}],"collection":[{"href":"https:\/\/gratytechnology.com\/en\/wp-json\/wp\/v2\/pages"}],"about":[{"href":"https:\/\/gratytechnology.com\/en\/wp-json\/wp\/v2\/types\/page"}],"author":[{"embeddable":true,"href":"https:\/\/gratytechnology.com\/en\/wp-json\/wp\/v2\/users\/1"}],"replies":[{"embeddable":true,"href":"https:\/\/gratytechnology.com\/en\/wp-json\/wp\/v2\/comments?post=438"}],"version-history":[{"count":23,"href":"https:\/\/gratytechnology.com\/en\/wp-json\/wp\/v2\/pages\/438\/revisions"}],"predecessor-version":[{"id":858,"href":"https:\/\/gratytechnology.com\/en\/wp-json\/wp\/v2\/pages\/438\/revisions\/858"}],"wp:featuredmedia":[{"embeddable":true,"href":"https:\/\/gratytechnology.com\/en\/wp-json\/wp\/v2\/media\/857"}],"wp:attachment":[{"href":"https:\/\/gratytechnology.com\/en\/wp-json\/wp\/v2\/media?parent=438"}],"curies":[{"name":"wp","href":"https:\/\/api.w.org\/{rel}","templated":true}]}}